{"id":7,"date":"2024-08-21T20:42:35","date_gmt":"2024-08-21T18:42:35","guid":{"rendered":"https:\/\/www.jamapub.sk\/wordpress\/?page_id=7"},"modified":"2025-09-07T09:38:41","modified_gmt":"2025-09-07T07:38:41","slug":"o-nas","status":"publish","type":"page","link":"https:\/\/www.jamapub.sk\/index.php\/o-nas\/","title":{"rendered":"Zmena otv\u00e1rac\u00edch hod\u00edn"},"content":{"rendered":"\n<figure class=\"wp-block-pullquote\"><blockquote><p><strong><mark style=\"background-color:rgba(0, 0, 0, 0)\" class=\"has-inline-color has-black-color\">Po &#8211; \u0160t :10:00 &#8211; 15:00<\/mark><\/strong><br><strong><mark style=\"background-color:rgba(0, 0, 0, 0)\" class=\"has-inline-color has-black-color\">Pi :10:00 &#8211; 22:00<\/mark><\/strong><br><strong><mark style=\"background-color:rgba(0, 0, 0, 0)\" class=\"has-inline-color has-black-color\">So: po dohode so z\u00e1kazn\u00edkom<\/mark><\/strong> <strong>11.00-22.00<\/strong><br><strong><mark style=\"background-color:rgba(0, 0, 0, 0)\" class=\"has-inline-color has-black-color\">Ne:po dohode so z\u00e1kazn\u00edkom<\/mark><\/strong> <strong>11.00-18.00<\/strong><br><strong><mark style=\"background-color:rgba(0, 0, 0, 0)\" class=\"has-inline-color has-black-color\">Uveden\u00e9 hodiny vieme prisp\u00f4sobi\u0165 po dohode zo z\u00e1kazn\u00edkom v pr\u00edpade akcii a pod.<\/mark><\/strong><\/p><\/blockquote><\/figure>\n\n\n\n<p><strong><mark style=\"background-color:rgba(0, 0, 0, 0)\" class=\"has-inline-color has-black-color\">Virtu\u00e1lna prehliadka na\u0161ej re\u0161taur\u00e1cie <a href=\"https:\/\/youtu.be\/VX4ptkVujU0?si=E6CLcJp2Gg9Rt7sf\">https:\/\/youtu.be\/VX4ptkVujU0?si=pMNCCvtA1lctj9le<\/a><\/mark><\/strong><\/p>\n\n\n\n<p><\/p>\n","protected":false},"excerpt":{"rendered":"<p>Po &#8211; \u0160t :10:00 &#8211; 15:00Pi :10:00 &#8211; 22:00So: po dohode so z\u00e1kazn\u00edkom 11.00-22.00Ne:po dohode so z\u00e1kazn\u00edkom 11.00-18.00Uveden\u00e9 hodiny vieme prisp\u00f4sobi\u0165 po dohode zo z\u00e1kazn\u00edkom v pr\u00edpade akcii a pod. Virtu\u00e1lna prehliadka na\u0161ej re\u0161taur\u00e1cie https:\/\/youtu.be\/VX4ptkVujU0?si=pMNCCvtA1lctj9le<\/p>\n","protected":false},"author":1,"featured_media":0,"parent":0,"menu_order":0,"comment_status":"closed","ping_status":"closed","template":"","meta":{"footnotes":""},"class_list":["post-7","page","type-page","status-publish","hentry"],"_links":{"self":[{"href":"https:\/\/www.jamapub.sk\/index.php\/wp-json\/wp\/v2\/pages\/7","targetHints":{"allow":["GET"]}}],"collection":[{"href":"https:\/\/www.jamapub.sk\/index.php\/wp-json\/wp\/v2\/pages"}],"about":[{"href":"https:\/\/www.jamapub.sk\/index.php\/wp-json\/wp\/v2\/types\/page"}],"author":[{"embeddable":true,"href":"https:\/\/www.jamapub.sk\/index.php\/wp-json\/wp\/v2\/users\/1"}],"replies":[{"embeddable":true,"href":"https:\/\/www.jamapub.sk\/index.php\/wp-json\/wp\/v2\/comments?post=7"}],"version-history":[{"count":6,"href":"https:\/\/www.jamapub.sk\/index.php\/wp-json\/wp\/v2\/pages\/7\/revisions"}],"predecessor-version":[{"id":447,"href":"https:\/\/www.jamapub.sk\/index.php\/wp-json\/wp\/v2\/pages\/7\/revisions\/447"}],"wp:attachment":[{"href":"https:\/\/www.jamapub.sk\/index.php\/wp-json\/wp\/v2\/media?parent=7"}],"curies":[{"name":"wp","href":"https:\/\/api.w.org\/{rel}","templated":true}]}}