{"id":63,"date":"2024-08-22T12:57:50","date_gmt":"2024-08-22T10:57:50","guid":{"rendered":"https:\/\/www.jamapub.sk\/wordpress\/?page_id=63"},"modified":"2025-09-07T09:28:34","modified_gmt":"2025-09-07T07:28:34","slug":"kontakt","status":"publish","type":"page","link":"https:\/\/www.jamapub.sk\/index.php\/kontakt\/","title":{"rendered":"Kontakt"},"content":{"rendered":"\n<p class=\"has-text-align-center\">Ak m\u00e1te z\u00e1ujem o na\u0161e slu\u017eby, v\u00fdborn\u00e9 jedl\u00e1 alebo si objedna\u0165 rozvoz, m\u00f4\u017eete n\u00e1s kontaktova\u0165 prostredn\u00edctvom<br>telef\u00f3nu na \u010d\u00edsle +421 918 046 372,0951802103 alebo n\u00e1m nap\u00ed\u0161te e-mail na adresu jamapubgastro@gmail.com . Radi V\u00e1m <br>poskytneme inform\u00e1cie o na\u0161om dennom menu a mo\u017enostiach osl\u00e1v v na\u0161ej re\u0161taur\u00e1cii. M\u00f4\u017eete n\u00e1s tie\u017e nav\u0161t\u00edvi\u0165<br>osobne na adrese \u0160vantnerova 2, v Bratislave &#8211; D\u00fabravka<\/p>\n\n\n\n<p>JAMA PUB<br>\u0160vantnerov\u00e1 1855\/2, 841 02 D\u00fabravka<br><br>Telef\u00f3ne \u010d\u00edslo:<br>+421 918 046 372 , 0951802103<br><br>E-mail:<br>jamapubgastro@gmail.com<\/p>\n","protected":false},"excerpt":{"rendered":"<p>Ak m\u00e1te z\u00e1ujem o na\u0161e slu\u017eby, v\u00fdborn\u00e9 jedl\u00e1 alebo si objedna\u0165 rozvoz, m\u00f4\u017eete n\u00e1s kontaktova\u0165 prostredn\u00edctvomtelef\u00f3nu na \u010d\u00edsle +421 918 046 372,0951802103 alebo n\u00e1m nap\u00ed\u0161te e-mail na adresu jamapubgastro@gmail.com . Radi V\u00e1m poskytneme inform\u00e1cie o na\u0161om dennom menu a mo\u017enostiach osl\u00e1v v na\u0161ej re\u0161taur\u00e1cii. M\u00f4\u017eete n\u00e1s tie\u017e nav\u0161t\u00edvi\u0165osobne na adrese \u0160vantnerova 2, v Bratislave &#8211; [&hellip;]<\/p>\n","protected":false},"author":1,"featured_media":0,"parent":0,"menu_order":0,"comment_status":"closed","ping_status":"closed","template":"","meta":{"footnotes":""},"class_list":["post-63","page","type-page","status-publish","hentry"],"_links":{"self":[{"href":"https:\/\/www.jamapub.sk\/index.php\/wp-json\/wp\/v2\/pages\/63","targetHints":{"allow":["GET"]}}],"collection":[{"href":"https:\/\/www.jamapub.sk\/index.php\/wp-json\/wp\/v2\/pages"}],"about":[{"href":"https:\/\/www.jamapub.sk\/index.php\/wp-json\/wp\/v2\/types\/page"}],"author":[{"embeddable":true,"href":"https:\/\/www.jamapub.sk\/index.php\/wp-json\/wp\/v2\/users\/1"}],"replies":[{"embeddable":true,"href":"https:\/\/www.jamapub.sk\/index.php\/wp-json\/wp\/v2\/comments?post=63"}],"version-history":[{"count":4,"href":"https:\/\/www.jamapub.sk\/index.php\/wp-json\/wp\/v2\/pages\/63\/revisions"}],"predecessor-version":[{"id":441,"href":"https:\/\/www.jamapub.sk\/index.php\/wp-json\/wp\/v2\/pages\/63\/revisions\/441"}],"wp:attachment":[{"href":"https:\/\/www.jamapub.sk\/index.php\/wp-json\/wp\/v2\/media?parent=63"}],"curies":[{"name":"wp","href":"https:\/\/api.w.org\/{rel}","templated":true}]}}