{"id":288,"date":"2025-03-05T12:10:37","date_gmt":"2025-03-05T11:10:37","guid":{"rendered":"https:\/\/www.jamapub.sk\/?page_id=288"},"modified":"2026-01-14T07:51:53","modified_gmt":"2026-01-14T06:51:53","slug":"akcie-marec","status":"publish","type":"page","link":"https:\/\/www.jamapub.sk\/index.php\/akcie-marec\/","title":{"rendered":"AKCIE"},"content":{"rendered":"\n<p><strong>Pri kapel\u00e1ch V\u00e1m pon\u00fakame akciov\u00e9 ceny na pivo, alkohol a dom\u00e1cu kuchy\u0148u.<\/strong><\/p>\n\n\n\n<p><strong>Rezerv\u00e1cie<\/strong> <strong>stolov na tel.\u010d\u00edsle   :  0951 802 103<\/strong><\/p>\n\n\n\n<p><strong>30.01.2026 <\/strong> <strong>Electric Flash<\/strong> <strong>19.00 &#8211; 22.00 hod.<\/strong> <\/p>\n\n\n\n<p><strong>06.02.2026 ATACAMA CTW  18.00-22.00<\/strong> <strong>hod.<\/strong><\/p>\n\n\n\n<p><strong>20.02.2026 BCB -Bratislavks\u00fd country band<\/strong> <strong>18.00-22.00 hod.<\/strong><\/p>\n\n\n\n<p><strong>27.02.2026  skupina ACORDIS 18.00-22.00 hod.<\/strong><\/p>\n\n\n\n<p><strong>06.03.2026 P\u00e1ni v ROCKOCH 18.00-22.00 hod.<\/strong><\/p>\n\n\n\n<p><strong>13.03.2026 ATACAMA CTW  18.00-22.00<\/strong> <strong>hod.<\/strong><\/p>\n\n\n\n<p><\/p>\n\n\n\n<p><\/p>\n\n\n\n<p><\/p>\n\n\n\n<p><\/p>\n\n\n\n<p><strong>\u010eal\u0161ie akcie budeme priebe\u017ene aktualizova\u0165 .<\/strong><\/p>\n\n\n\n<p><\/p>\n","protected":false},"excerpt":{"rendered":"<p>Pri kapel\u00e1ch V\u00e1m pon\u00fakame akciov\u00e9 ceny na pivo, alkohol a dom\u00e1cu kuchy\u0148u. Rezerv\u00e1cie stolov na tel.\u010d\u00edsle : 0951 802 103 30.01.2026 Electric Flash 19.00 &#8211; 22.00 hod. 06.02.2026 ATACAMA CTW 18.00-22.00 hod. 20.02.2026 BCB -Bratislavks\u00fd country band 18.00-22.00 hod. 27.02.2026 skupina ACORDIS 18.00-22.00 hod. 06.03.2026 P\u00e1ni v ROCKOCH 18.00-22.00 hod. 13.03.2026 ATACAMA CTW 18.00-22.00 hod. [&hellip;]<\/p>\n","protected":false},"author":1,"featured_media":0,"parent":0,"menu_order":0,"comment_status":"closed","ping_status":"closed","template":"","meta":{"footnotes":""},"class_list":["post-288","page","type-page","status-publish","hentry"],"_links":{"self":[{"href":"https:\/\/www.jamapub.sk\/index.php\/wp-json\/wp\/v2\/pages\/288","targetHints":{"allow":["GET"]}}],"collection":[{"href":"https:\/\/www.jamapub.sk\/index.php\/wp-json\/wp\/v2\/pages"}],"about":[{"href":"https:\/\/www.jamapub.sk\/index.php\/wp-json\/wp\/v2\/types\/page"}],"author":[{"embeddable":true,"href":"https:\/\/www.jamapub.sk\/index.php\/wp-json\/wp\/v2\/users\/1"}],"replies":[{"embeddable":true,"href":"https:\/\/www.jamapub.sk\/index.php\/wp-json\/wp\/v2\/comments?post=288"}],"version-history":[{"count":5,"href":"https:\/\/www.jamapub.sk\/index.php\/wp-json\/wp\/v2\/pages\/288\/revisions"}],"predecessor-version":[{"id":523,"href":"https:\/\/www.jamapub.sk\/index.php\/wp-json\/wp\/v2\/pages\/288\/revisions\/523"}],"wp:attachment":[{"href":"https:\/\/www.jamapub.sk\/index.php\/wp-json\/wp\/v2\/media?parent=288"}],"curies":[{"name":"wp","href":"https:\/\/api.w.org\/{rel}","templated":true}]}}