{"id":136,"date":"2024-10-01T13:54:03","date_gmt":"2024-10-01T11:54:03","guid":{"rendered":"https:\/\/www.jamapub.sk\/?page_id=136"},"modified":"2025-09-07T09:27:10","modified_gmt":"2025-09-07T07:27:10","slug":"sluzby","status":"publish","type":"page","link":"https:\/\/www.jamapub.sk\/index.php\/sluzby\/","title":{"rendered":"Slu\u017eby"},"content":{"rendered":"\n<p><strong>Na\u0161a ponuka<\/strong><\/p>\n\n\n\n<p id=\"wnd_TextBlock_358601007_inner_1\">Vitajte v JAMA PUB! Na\u0161a re\u0161taur\u00e1cia je miestom, kde sa stret\u00e1vaj\u00fa vynikaj\u00face jedlo, pr\u00edjemn\u00e9 prostredie a skvel\u00e1 obsluha. Sme presved\u010den\u00ed, \u017ee v\u00e1s na\u0161a ponuka nadchne a \u017ee sa k n\u00e1m budete radi vraca\u0165. Jedn\u00fdm z na\u0161ich hlavn\u00fdch slu\u017eieb je rozvoz jedla.<\/p>\n\n\n\n<ul id=\"wnd_TextBlock_358601007_inner_2\" class=\"wp-block-list\">\n<li>Rozvoz jedla priamo k z\u00e1kazn\u00edkovi<\/li>\n\n\n\n<li>Denn\u00e9 menu s v\u00fdberom jed\u00e1l<\/li>\n\n\n\n<li>Organiz\u00e1cia osl\u00e1v a udalost\u00ed<\/li>\n\n\n\n<li>Bezplatn\u00e9 Wi-Fi pripojenie<\/li>\n<\/ul>\n\n\n\n<h2 class=\"wp-block-heading\"><strong>Na\u0161e priestory m\u00f4\u017eete vyu\u017ei\u0165 aj na<\/strong><\/h2>\n\n\n\n<p>\u2022 Rodinn\u00e9 oslavy<br>\u2022 Team building<br>\u2022 Prom\u00f3cie<br>\u2022 Sm\u00fato\u010dn\u00e9 posedenie<br>\u2022 Rozl\u00fa\u010dka zo slobodou<br>\u2022 Oslavu po rozvode a pod.<\/p>\n\n\n\n<h2 class=\"wp-block-heading\" id=\"wnd_TextBlock_372648593_inner_0\"><strong>N\u00e1\u0161 pr\u00edstup<\/strong><\/h2>\n\n\n\n<p id=\"wnd_TextBlock_372648593_inner_1\">V\u00edtame V\u00e1s v JAMA PUB, kde sa ka\u017ed\u00fd de\u0148 sna\u017e\u00edme prin\u00e1\u0161a\u0165 kvalitn\u00e9 a chutn\u00e9 jedlo priamo k V\u00e1m. Sme presved\u010den\u00ed, \u017ee dobr\u00e1 strava je z\u00e1kladom zdrav\u00e9ho \u017eivotn\u00e9ho \u0161t\u00fdlu a preto sa star\u00e1me o to, aby sme V\u00e1m pon\u00fakali jedl\u00e1 pln\u00e9 \u010derstv\u00fdch a kvalitn\u00fdch surov\u00edn.<\/p>\n\n\n\n<ul id=\"wnd_TextBlock_372648593_inner_2\" class=\"wp-block-list\">\n<li>Bezpe\u010dn\u00e9 parkovanie pre z\u00e1kazn\u00edkov<\/li>\n\n\n\n<li>Denn\u00e9 \u010derstv\u00e9 pe\u010divo<\/li>\n<\/ul>\n","protected":false},"excerpt":{"rendered":"<p>Na\u0161a ponuka Vitajte v JAMA PUB! Na\u0161a re\u0161taur\u00e1cia je miestom, kde sa stret\u00e1vaj\u00fa vynikaj\u00face jedlo, pr\u00edjemn\u00e9 prostredie a skvel\u00e1 obsluha. Sme presved\u010den\u00ed, \u017ee v\u00e1s na\u0161a ponuka nadchne a \u017ee sa k n\u00e1m budete radi vraca\u0165. Jedn\u00fdm z na\u0161ich hlavn\u00fdch slu\u017eieb je rozvoz jedla. Na\u0161e priestory m\u00f4\u017eete vyu\u017ei\u0165 aj na \u2022 Rodinn\u00e9 oslavy\u2022 Team building\u2022 Prom\u00f3cie\u2022 [&hellip;]<\/p>\n","protected":false},"author":1,"featured_media":0,"parent":0,"menu_order":0,"comment_status":"closed","ping_status":"closed","template":"","meta":{"footnotes":""},"class_list":["post-136","page","type-page","status-publish","hentry"],"_links":{"self":[{"href":"https:\/\/www.jamapub.sk\/index.php\/wp-json\/wp\/v2\/pages\/136","targetHints":{"allow":["GET"]}}],"collection":[{"href":"https:\/\/www.jamapub.sk\/index.php\/wp-json\/wp\/v2\/pages"}],"about":[{"href":"https:\/\/www.jamapub.sk\/index.php\/wp-json\/wp\/v2\/types\/page"}],"author":[{"embeddable":true,"href":"https:\/\/www.jamapub.sk\/index.php\/wp-json\/wp\/v2\/users\/1"}],"replies":[{"embeddable":true,"href":"https:\/\/www.jamapub.sk\/index.php\/wp-json\/wp\/v2\/comments?post=136"}],"version-history":[{"count":3,"href":"https:\/\/www.jamapub.sk\/index.php\/wp-json\/wp\/v2\/pages\/136\/revisions"}],"predecessor-version":[{"id":440,"href":"https:\/\/www.jamapub.sk\/index.php\/wp-json\/wp\/v2\/pages\/136\/revisions\/440"}],"wp:attachment":[{"href":"https:\/\/www.jamapub.sk\/index.php\/wp-json\/wp\/v2\/media?parent=136"}],"curies":[{"name":"wp","href":"https:\/\/api.w.org\/{rel}","templated":true}]}}